{"id":419,"date":"2021-01-14T21:18:42","date_gmt":"2021-01-14T21:18:42","guid":{"rendered":"http:\/\/www.skateboarding.com.py\/tienda\/?page_id=419"},"modified":"2021-01-15T04:14:41","modified_gmt":"2021-01-15T04:14:41","slug":"nosotros","status":"publish","type":"page","link":"https:\/\/www.skateboarding.com.py\/tienda\/nosotros\/","title":{"rendered":"Nosotros"},"content":{"rendered":"\n<p>La tienda de Skateboarding Paraguay nace de la visi\u00f3n de Pablo y Miguel G\u00f3mez,  skaters paraguayos con m\u00e1s de 20 a\u00f1os patinando, conscientes de la necesidad de contar con tiendas en un pa\u00eds donde el skate era algo casi desconocido.<br>La idea ya empez\u00f3 a tomar forma a principios del a\u00f1o 2009 cuando Pablo hacia su primera importaci\u00f3n de productos estadounidenses para comercializarlos por cat\u00e1logo. <\/p>\n\n\n\n<p>En el a\u00f1o 2020 lanzamos el primer skateshop online del pa\u00eds dando un paso m\u00e1s adelante con este sue\u00f1o. <\/p>\n\n\n\n<p>El objetivo de nuestra tienda online es brindarte productos para skateboarding de la mejor calidad al mejor precio del mercado, adem\u00e1s de promocionar marcas de skateboard nacionales como <a href=\"http:\/\/www.skateboarding.com.py\/yacareskateboards\" target=\"_blank\" rel=\"noreferrer noopener\">Yacar\u00e9 Skateboards<\/a>. <\/p>\n\n\n\n<p>Nuestros productos llegan a todos los rincones del pa\u00eds.<\/p>\n","protected":false},"excerpt":{"rendered":"<p>La tienda de Skateboarding Paraguay nace de la visi\u00f3n de Pablo y Miguel G\u00f3mez, skaters paraguayos con m\u00e1s de 20 a\u00f1os patinando, conscientes de la necesidad de contar con tiendas en un pa\u00eds donde el skate era algo casi desconocido.La idea ya empez\u00f3 a tomar forma a principios del a\u00f1o 2009 cuando Pablo hacia su [&hellip;]<\/p>\n","protected":false},"author":1,"featured_media":0,"parent":0,"menu_order":0,"comment_status":"closed","ping_status":"closed","template":"","meta":{"_joinchat":[],"footnotes":""},"class_list":["post-419","page","type-page","status-publish","hentry"],"yoast_head":"<!-- This site is optimized with the Yoast SEO plugin v27.5 - https:\/\/yoast.com\/product\/yoast-seo-wordpress\/ -->\n<title>Nosotros - Tienda Skateboarding Paraguay<\/title>\n<meta name=\"robots\" content=\"index, follow, max-snippet:-1, max-image-preview:large, max-video-preview:-1\" \/>\n<link rel=\"canonical\" href=\"https:\/\/www.skateboarding.com.py\/tienda\/nosotros\/\" \/>\n<meta property=\"og:locale\" content=\"es_ES\" \/>\n<meta property=\"og:type\" content=\"article\" \/>\n<meta property=\"og:title\" content=\"Nosotros - Tienda Skateboarding Paraguay\" \/>\n<meta property=\"og:description\" content=\"La tienda de Skateboarding Paraguay nace de la visi\u00f3n de Pablo y Miguel G\u00f3mez, skaters paraguayos con m\u00e1s de 20 a\u00f1os patinando, conscientes de la necesidad de contar con tiendas en un pa\u00eds donde el skate era algo casi desconocido.La idea ya empez\u00f3 a tomar forma a principios del a\u00f1o 2009 cuando Pablo hacia su [&hellip;]\" \/>\n<meta property=\"og:url\" content=\"https:\/\/www.skateboarding.com.py\/tienda\/nosotros\/\" \/>\n<meta property=\"og:site_name\" content=\"Tienda Skateboarding Paraguay\" \/>\n<meta property=\"article:publisher\" content=\"http:\/\/www.facebook.com\/skateboarding.com.py\" \/>\n<meta property=\"article:modified_time\" content=\"2021-01-15T04:14:41+00:00\" \/>\n<meta name=\"twitter:card\" content=\"summary_large_image\" \/>\n<meta name=\"twitter:label1\" content=\"Tiempo de lectura\" \/>\n\t<meta name=\"twitter:data1\" content=\"1 minuto\" \/>\n<script type=\"application\/ld+json\" class=\"yoast-schema-graph\">{\"@context\":\"https:\\\/\\\/schema.org\",\"@graph\":[{\"@type\":\"WebPage\",\"@id\":\"https:\\\/\\\/www.skateboarding.com.py\\\/tienda\\\/nosotros\\\/\",\"url\":\"https:\\\/\\\/www.skateboarding.com.py\\\/tienda\\\/nosotros\\\/\",\"name\":\"Nosotros - Tienda Skateboarding Paraguay\",\"isPartOf\":{\"@id\":\"https:\\\/\\\/www.skateboarding.com.py\\\/tienda\\\/#website\"},\"datePublished\":\"2021-01-14T21:18:42+00:00\",\"dateModified\":\"2021-01-15T04:14:41+00:00\",\"breadcrumb\":{\"@id\":\"https:\\\/\\\/www.skateboarding.com.py\\\/tienda\\\/nosotros\\\/#breadcrumb\"},\"inLanguage\":\"es\",\"potentialAction\":[{\"@type\":\"ReadAction\",\"target\":[\"https:\\\/\\\/www.skateboarding.com.py\\\/tienda\\\/nosotros\\\/\"]}]},{\"@type\":\"BreadcrumbList\",\"@id\":\"https:\\\/\\\/www.skateboarding.com.py\\\/tienda\\\/nosotros\\\/#breadcrumb\",\"itemListElement\":[{\"@type\":\"ListItem\",\"position\":1,\"name\":\"Portada\",\"item\":\"https:\\\/\\\/www.skateboarding.com.py\\\/tienda\\\/\"},{\"@type\":\"ListItem\",\"position\":2,\"name\":\"Nosotros\"}]},{\"@type\":\"WebSite\",\"@id\":\"https:\\\/\\\/www.skateboarding.com.py\\\/tienda\\\/#website\",\"url\":\"https:\\\/\\\/www.skateboarding.com.py\\\/tienda\\\/\",\"name\":\"Tienda Skateboarding Paraguay\",\"description\":\"Tienda de patinetas establecida en Asunci\u00f3n.\",\"publisher\":{\"@id\":\"https:\\\/\\\/www.skateboarding.com.py\\\/tienda\\\/#organization\"},\"potentialAction\":[{\"@type\":\"SearchAction\",\"target\":{\"@type\":\"EntryPoint\",\"urlTemplate\":\"https:\\\/\\\/www.skateboarding.com.py\\\/tienda\\\/?s={search_term_string}\"},\"query-input\":{\"@type\":\"PropertyValueSpecification\",\"valueRequired\":true,\"valueName\":\"search_term_string\"}}],\"inLanguage\":\"es\"},{\"@type\":\"Organization\",\"@id\":\"https:\\\/\\\/www.skateboarding.com.py\\\/tienda\\\/#organization\",\"name\":\"Tienda Skateboarding Paraguay\",\"url\":\"https:\\\/\\\/www.skateboarding.com.py\\\/tienda\\\/\",\"logo\":{\"@type\":\"ImageObject\",\"inLanguage\":\"es\",\"@id\":\"https:\\\/\\\/www.skateboarding.com.py\\\/tienda\\\/#\\\/schema\\\/logo\\\/image\\\/\",\"url\":\"https:\\\/\\\/www.skateboarding.com.py\\\/tienda\\\/wp-content\\\/uploads\\\/2020\\\/05\\\/logoHorizonta3l.png\",\"contentUrl\":\"https:\\\/\\\/www.skateboarding.com.py\\\/tienda\\\/wp-content\\\/uploads\\\/2020\\\/05\\\/logoHorizonta3l.png\",\"width\":500,\"height\":124,\"caption\":\"Tienda Skateboarding Paraguay\"},\"image\":{\"@id\":\"https:\\\/\\\/www.skateboarding.com.py\\\/tienda\\\/#\\\/schema\\\/logo\\\/image\\\/\"},\"sameAs\":[\"http:\\\/\\\/www.facebook.com\\\/skateboarding.com.py\",\"http:\\\/\\\/www.instagram.com\\\/skateboardingparaguay\"]}]}<\/script>\n<!-- \/ Yoast SEO plugin. -->","yoast_head_json":{"title":"Nosotros - Tienda Skateboarding Paraguay","robots":{"index":"index","follow":"follow","max-snippet":"max-snippet:-1","max-image-preview":"max-image-preview:large","max-video-preview":"max-video-preview:-1"},"canonical":"https:\/\/www.skateboarding.com.py\/tienda\/nosotros\/","og_locale":"es_ES","og_type":"article","og_title":"Nosotros - Tienda Skateboarding Paraguay","og_description":"La tienda de Skateboarding Paraguay nace de la visi\u00f3n de Pablo y Miguel G\u00f3mez, skaters paraguayos con m\u00e1s de 20 a\u00f1os patinando, conscientes de la necesidad de contar con tiendas en un pa\u00eds donde el skate era algo casi desconocido.La idea ya empez\u00f3 a tomar forma a principios del a\u00f1o 2009 cuando Pablo hacia su [&hellip;]","og_url":"https:\/\/www.skateboarding.com.py\/tienda\/nosotros\/","og_site_name":"Tienda Skateboarding Paraguay","article_publisher":"http:\/\/www.facebook.com\/skateboarding.com.py","article_modified_time":"2021-01-15T04:14:41+00:00","twitter_card":"summary_large_image","twitter_misc":{"Tiempo de lectura":"1 minuto"},"schema":{"@context":"https:\/\/schema.org","@graph":[{"@type":"WebPage","@id":"https:\/\/www.skateboarding.com.py\/tienda\/nosotros\/","url":"https:\/\/www.skateboarding.com.py\/tienda\/nosotros\/","name":"Nosotros - Tienda Skateboarding Paraguay","isPartOf":{"@id":"https:\/\/www.skateboarding.com.py\/tienda\/#website"},"datePublished":"2021-01-14T21:18:42+00:00","dateModified":"2021-01-15T04:14:41+00:00","breadcrumb":{"@id":"https:\/\/www.skateboarding.com.py\/tienda\/nosotros\/#breadcrumb"},"inLanguage":"es","potentialAction":[{"@type":"ReadAction","target":["https:\/\/www.skateboarding.com.py\/tienda\/nosotros\/"]}]},{"@type":"BreadcrumbList","@id":"https:\/\/www.skateboarding.com.py\/tienda\/nosotros\/#breadcrumb","itemListElement":[{"@type":"ListItem","position":1,"name":"Portada","item":"https:\/\/www.skateboarding.com.py\/tienda\/"},{"@type":"ListItem","position":2,"name":"Nosotros"}]},{"@type":"WebSite","@id":"https:\/\/www.skateboarding.com.py\/tienda\/#website","url":"https:\/\/www.skateboarding.com.py\/tienda\/","name":"Tienda Skateboarding Paraguay","description":"Tienda de patinetas establecida en Asunci\u00f3n.","publisher":{"@id":"https:\/\/www.skateboarding.com.py\/tienda\/#organization"},"potentialAction":[{"@type":"SearchAction","target":{"@type":"EntryPoint","urlTemplate":"https:\/\/www.skateboarding.com.py\/tienda\/?s={search_term_string}"},"query-input":{"@type":"PropertyValueSpecification","valueRequired":true,"valueName":"search_term_string"}}],"inLanguage":"es"},{"@type":"Organization","@id":"https:\/\/www.skateboarding.com.py\/tienda\/#organization","name":"Tienda Skateboarding Paraguay","url":"https:\/\/www.skateboarding.com.py\/tienda\/","logo":{"@type":"ImageObject","inLanguage":"es","@id":"https:\/\/www.skateboarding.com.py\/tienda\/#\/schema\/logo\/image\/","url":"https:\/\/www.skateboarding.com.py\/tienda\/wp-content\/uploads\/2020\/05\/logoHorizonta3l.png","contentUrl":"https:\/\/www.skateboarding.com.py\/tienda\/wp-content\/uploads\/2020\/05\/logoHorizonta3l.png","width":500,"height":124,"caption":"Tienda Skateboarding Paraguay"},"image":{"@id":"https:\/\/www.skateboarding.com.py\/tienda\/#\/schema\/logo\/image\/"},"sameAs":["http:\/\/www.facebook.com\/skateboarding.com.py","http:\/\/www.instagram.com\/skateboardingparaguay"]}]}},"_links":{"self":[{"href":"https:\/\/www.skateboarding.com.py\/tienda\/wp-json\/wp\/v2\/pages\/419","targetHints":{"allow":["GET"]}}],"collection":[{"href":"https:\/\/www.skateboarding.com.py\/tienda\/wp-json\/wp\/v2\/pages"}],"about":[{"href":"https:\/\/www.skateboarding.com.py\/tienda\/wp-json\/wp\/v2\/types\/page"}],"author":[{"embeddable":true,"href":"https:\/\/www.skateboarding.com.py\/tienda\/wp-json\/wp\/v2\/users\/1"}],"replies":[{"embeddable":true,"href":"https:\/\/www.skateboarding.com.py\/tienda\/wp-json\/wp\/v2\/comments?post=419"}],"version-history":[{"count":4,"href":"https:\/\/www.skateboarding.com.py\/tienda\/wp-json\/wp\/v2\/pages\/419\/revisions"}],"predecessor-version":[{"id":429,"href":"https:\/\/www.skateboarding.com.py\/tienda\/wp-json\/wp\/v2\/pages\/419\/revisions\/429"}],"wp:attachment":[{"href":"https:\/\/www.skateboarding.com.py\/tienda\/wp-json\/wp\/v2\/media?parent=419"}],"curies":[{"name":"wp","href":"https:\/\/api.w.org\/{rel}","templated":true}]}}