{"id":815,"date":"2022-12-23T20:13:05","date_gmt":"2022-12-23T20:13:05","guid":{"rendered":"https:\/\/www.skateboarding.com.py\/tienda\/?post_type=product&#038;p=815"},"modified":"2024-08-12T15:28:37","modified_gmt":"2024-08-12T15:28:37","slug":"krome-chameleon-2-standard-trucks-krux","status":"publish","type":"product","link":"https:\/\/www.skateboarding.com.py\/tienda\/producto\/krome-chameleon-2-standard-trucks-krux\/","title":{"rendered":"Krome Chameleon 2 Standard Trucks Krux"},"content":{"rendered":"<p>Los trucks Krux K5 Chameleon cambian de color con diferentes luces, similar a un trabajo de pintura aceitosa que se ve en los autos personalizados de todo el mundo. Un \u00e9xito de ventas del a\u00f1o pasado, este nuevo camale\u00f3n rosa y azul actualizado se distingue de todos los dem\u00e1s camiones en el estante.<\/p>\n","protected":false},"excerpt":{"rendered":"<p>Los trucks Krux K5 Chameleon cambian de color con diferentes luces, similar a un trabajo de pintura aceitosa que se ve en los autos personalizados de todo el mundo. Un \u00e9xito de ventas del a\u00f1o pasado, este nuevo camale\u00f3n rosa y azul actualizado se distingue de todos los dem\u00e1s camiones en el estante.<\/p>\n","protected":false},"featured_media":819,"comment_status":"open","ping_status":"closed","template":"","meta":{"_joinchat":[]},"product_brand":[],"product_cat":[88,16],"product_tag":[89,19],"class_list":{"0":"post-815","1":"product","2":"type-product","3":"status-publish","4":"has-post-thumbnail","6":"product_cat-krux","7":"product_cat-trucks","8":"product_tag-krux","9":"product_tag-trucks","11":"first","12":"instock","13":"taxable","14":"shipping-taxable","15":"purchasable","16":"product-type-variable"},"yoast_head":"<!-- This site is optimized with the Yoast SEO plugin v27.5 - https:\/\/yoast.com\/product\/yoast-seo-wordpress\/ -->\n<title>Krome Chameleon 2 Standard Trucks Krux - Tienda Skateboarding Paraguay<\/title>\n<meta name=\"description\" content=\"Los trucks Krux K5 Chameleon cambian de color con diferentes luces, similar a un trabajo de pintura aceitosa que se ve en los autos personalizados de todo el mundo. Un \u00e9xito de ventas del a\u00f1o pasado, este nuevo camale\u00f3n rosa y azul actualizado se distingue de todos los dem\u00e1s camiones en el estante.\" \/>\n<meta name=\"robots\" content=\"index, follow, max-snippet:-1, max-image-preview:large, max-video-preview:-1\" \/>\n<link rel=\"canonical\" href=\"https:\/\/www.skateboarding.com.py\/tienda\/producto\/krome-chameleon-2-standard-trucks-krux\/\" \/>\n<meta property=\"og:locale\" content=\"es_ES\" \/>\n<meta property=\"og:type\" content=\"article\" \/>\n<meta property=\"og:title\" content=\"Krome Chameleon 2 Standard Trucks Krux - Tienda Skateboarding Paraguay\" \/>\n<meta property=\"og:description\" content=\"Los trucks Krux K5 Chameleon cambian de color con diferentes luces, similar a un trabajo de pintura aceitosa que se ve en los autos personalizados de todo el mundo. Un \u00e9xito de ventas del a\u00f1o pasado, este nuevo camale\u00f3n rosa y azul actualizado se distingue de todos los dem\u00e1s camiones en el estante.\" \/>\n<meta property=\"og:url\" content=\"https:\/\/www.skateboarding.com.py\/tienda\/producto\/krome-chameleon-2-standard-trucks-krux\/\" \/>\n<meta property=\"og:site_name\" content=\"Tienda Skateboarding Paraguay\" \/>\n<meta property=\"article:publisher\" content=\"http:\/\/www.facebook.com\/skateboarding.com.py\" \/>\n<meta property=\"article:modified_time\" content=\"2024-08-12T15:28:37+00:00\" \/>\n<meta property=\"og:image\" content=\"https:\/\/www.skateboarding.com.py\/tienda\/wp-content\/uploads\/2022\/12\/33132469-825-krome-chameleon-2-standard-trucks-krux-1.jpg\" \/>\n\t<meta property=\"og:image:width\" content=\"900\" \/>\n\t<meta property=\"og:image:height\" content=\"450\" \/>\n\t<meta property=\"og:image:type\" content=\"image\/jpeg\" \/>\n<meta name=\"twitter:card\" content=\"summary_large_image\" \/>\n<meta name=\"twitter:label1\" content=\"Tiempo de lectura\" \/>\n\t<meta name=\"twitter:data1\" content=\"1 minuto\" \/>\n<script type=\"application\/ld+json\" class=\"yoast-schema-graph\">{\"@context\":\"https:\\\/\\\/schema.org\",\"@graph\":[{\"@type\":\"WebPage\",\"@id\":\"https:\\\/\\\/www.skateboarding.com.py\\\/tienda\\\/producto\\\/krome-chameleon-2-standard-trucks-krux\\\/\",\"url\":\"https:\\\/\\\/www.skateboarding.com.py\\\/tienda\\\/producto\\\/krome-chameleon-2-standard-trucks-krux\\\/\",\"name\":\"Krome Chameleon 2 Standard Trucks Krux - Tienda Skateboarding Paraguay\",\"isPartOf\":{\"@id\":\"https:\\\/\\\/www.skateboarding.com.py\\\/tienda\\\/#website\"},\"primaryImageOfPage\":{\"@id\":\"https:\\\/\\\/www.skateboarding.com.py\\\/tienda\\\/producto\\\/krome-chameleon-2-standard-trucks-krux\\\/#primaryimage\"},\"image\":{\"@id\":\"https:\\\/\\\/www.skateboarding.com.py\\\/tienda\\\/producto\\\/krome-chameleon-2-standard-trucks-krux\\\/#primaryimage\"},\"thumbnailUrl\":\"https:\\\/\\\/www.skateboarding.com.py\\\/tienda\\\/wp-content\\\/uploads\\\/2022\\\/12\\\/33132469-825-krome-chameleon-2-standard-trucks-krux-1.jpg\",\"datePublished\":\"2022-12-23T20:13:05+00:00\",\"dateModified\":\"2024-08-12T15:28:37+00:00\",\"description\":\"Los trucks Krux K5 Chameleon cambian de color con diferentes luces, similar a un trabajo de pintura aceitosa que se ve en los autos personalizados de todo el mundo. Un \u00e9xito de ventas del a\u00f1o pasado, este nuevo camale\u00f3n rosa y azul actualizado se distingue de todos los dem\u00e1s camiones en el estante.\",\"breadcrumb\":{\"@id\":\"https:\\\/\\\/www.skateboarding.com.py\\\/tienda\\\/producto\\\/krome-chameleon-2-standard-trucks-krux\\\/#breadcrumb\"},\"inLanguage\":\"es\",\"potentialAction\":[{\"@type\":\"ReadAction\",\"target\":[\"https:\\\/\\\/www.skateboarding.com.py\\\/tienda\\\/producto\\\/krome-chameleon-2-standard-trucks-krux\\\/\"]}]},{\"@type\":\"ImageObject\",\"inLanguage\":\"es\",\"@id\":\"https:\\\/\\\/www.skateboarding.com.py\\\/tienda\\\/producto\\\/krome-chameleon-2-standard-trucks-krux\\\/#primaryimage\",\"url\":\"https:\\\/\\\/www.skateboarding.com.py\\\/tienda\\\/wp-content\\\/uploads\\\/2022\\\/12\\\/33132469-825-krome-chameleon-2-standard-trucks-krux-1.jpg\",\"contentUrl\":\"https:\\\/\\\/www.skateboarding.com.py\\\/tienda\\\/wp-content\\\/uploads\\\/2022\\\/12\\\/33132469-825-krome-chameleon-2-standard-trucks-krux-1.jpg\",\"width\":900,\"height\":450},{\"@type\":\"BreadcrumbList\",\"@id\":\"https:\\\/\\\/www.skateboarding.com.py\\\/tienda\\\/producto\\\/krome-chameleon-2-standard-trucks-krux\\\/#breadcrumb\",\"itemListElement\":[{\"@type\":\"ListItem\",\"position\":1,\"name\":\"Portada\",\"item\":\"https:\\\/\\\/www.skateboarding.com.py\\\/tienda\\\/\"},{\"@type\":\"ListItem\",\"position\":2,\"name\":\"Tienda\",\"item\":\"https:\\\/\\\/www.skateboarding.com.py\\\/tienda\\\/\"},{\"@type\":\"ListItem\",\"position\":3,\"name\":\"Krome Chameleon 2 Standard Trucks Krux\"}]},{\"@type\":\"WebSite\",\"@id\":\"https:\\\/\\\/www.skateboarding.com.py\\\/tienda\\\/#website\",\"url\":\"https:\\\/\\\/www.skateboarding.com.py\\\/tienda\\\/\",\"name\":\"Tienda Skateboarding Paraguay\",\"description\":\"Tienda de patinetas establecida en Asunci\u00f3n.\",\"publisher\":{\"@id\":\"https:\\\/\\\/www.skateboarding.com.py\\\/tienda\\\/#organization\"},\"potentialAction\":[{\"@type\":\"SearchAction\",\"target\":{\"@type\":\"EntryPoint\",\"urlTemplate\":\"https:\\\/\\\/www.skateboarding.com.py\\\/tienda\\\/?s={search_term_string}\"},\"query-input\":{\"@type\":\"PropertyValueSpecification\",\"valueRequired\":true,\"valueName\":\"search_term_string\"}}],\"inLanguage\":\"es\"},{\"@type\":\"Organization\",\"@id\":\"https:\\\/\\\/www.skateboarding.com.py\\\/tienda\\\/#organization\",\"name\":\"Tienda Skateboarding Paraguay\",\"url\":\"https:\\\/\\\/www.skateboarding.com.py\\\/tienda\\\/\",\"logo\":{\"@type\":\"ImageObject\",\"inLanguage\":\"es\",\"@id\":\"https:\\\/\\\/www.skateboarding.com.py\\\/tienda\\\/#\\\/schema\\\/logo\\\/image\\\/\",\"url\":\"https:\\\/\\\/www.skateboarding.com.py\\\/tienda\\\/wp-content\\\/uploads\\\/2020\\\/05\\\/logoHorizonta3l.png\",\"contentUrl\":\"https:\\\/\\\/www.skateboarding.com.py\\\/tienda\\\/wp-content\\\/uploads\\\/2020\\\/05\\\/logoHorizonta3l.png\",\"width\":500,\"height\":124,\"caption\":\"Tienda Skateboarding Paraguay\"},\"image\":{\"@id\":\"https:\\\/\\\/www.skateboarding.com.py\\\/tienda\\\/#\\\/schema\\\/logo\\\/image\\\/\"},\"sameAs\":[\"http:\\\/\\\/www.facebook.com\\\/skateboarding.com.py\",\"http:\\\/\\\/www.instagram.com\\\/skateboardingparaguay\"]}]}<\/script>\n<!-- \/ Yoast SEO plugin. -->","yoast_head_json":{"title":"Krome Chameleon 2 Standard Trucks Krux - Tienda Skateboarding Paraguay","description":"Los trucks Krux K5 Chameleon cambian de color con diferentes luces, similar a un trabajo de pintura aceitosa que se ve en los autos personalizados de todo el mundo. Un \u00e9xito de ventas del a\u00f1o pasado, este nuevo camale\u00f3n rosa y azul actualizado se distingue de todos los dem\u00e1s camiones en el estante.","robots":{"index":"index","follow":"follow","max-snippet":"max-snippet:-1","max-image-preview":"max-image-preview:large","max-video-preview":"max-video-preview:-1"},"canonical":"https:\/\/www.skateboarding.com.py\/tienda\/producto\/krome-chameleon-2-standard-trucks-krux\/","og_locale":"es_ES","og_type":"article","og_title":"Krome Chameleon 2 Standard Trucks Krux - Tienda Skateboarding Paraguay","og_description":"Los trucks Krux K5 Chameleon cambian de color con diferentes luces, similar a un trabajo de pintura aceitosa que se ve en los autos personalizados de todo el mundo. Un \u00e9xito de ventas del a\u00f1o pasado, este nuevo camale\u00f3n rosa y azul actualizado se distingue de todos los dem\u00e1s camiones en el estante.","og_url":"https:\/\/www.skateboarding.com.py\/tienda\/producto\/krome-chameleon-2-standard-trucks-krux\/","og_site_name":"Tienda Skateboarding Paraguay","article_publisher":"http:\/\/www.facebook.com\/skateboarding.com.py","article_modified_time":"2024-08-12T15:28:37+00:00","og_image":[{"width":900,"height":450,"url":"https:\/\/www.skateboarding.com.py\/tienda\/wp-content\/uploads\/2022\/12\/33132469-825-krome-chameleon-2-standard-trucks-krux-1.jpg","type":"image\/jpeg"}],"twitter_card":"summary_large_image","twitter_misc":{"Tiempo de lectura":"1 minuto"},"schema":{"@context":"https:\/\/schema.org","@graph":[{"@type":"WebPage","@id":"https:\/\/www.skateboarding.com.py\/tienda\/producto\/krome-chameleon-2-standard-trucks-krux\/","url":"https:\/\/www.skateboarding.com.py\/tienda\/producto\/krome-chameleon-2-standard-trucks-krux\/","name":"Krome Chameleon 2 Standard Trucks Krux - Tienda Skateboarding Paraguay","isPartOf":{"@id":"https:\/\/www.skateboarding.com.py\/tienda\/#website"},"primaryImageOfPage":{"@id":"https:\/\/www.skateboarding.com.py\/tienda\/producto\/krome-chameleon-2-standard-trucks-krux\/#primaryimage"},"image":{"@id":"https:\/\/www.skateboarding.com.py\/tienda\/producto\/krome-chameleon-2-standard-trucks-krux\/#primaryimage"},"thumbnailUrl":"https:\/\/www.skateboarding.com.py\/tienda\/wp-content\/uploads\/2022\/12\/33132469-825-krome-chameleon-2-standard-trucks-krux-1.jpg","datePublished":"2022-12-23T20:13:05+00:00","dateModified":"2024-08-12T15:28:37+00:00","description":"Los trucks Krux K5 Chameleon cambian de color con diferentes luces, similar a un trabajo de pintura aceitosa que se ve en los autos personalizados de todo el mundo. Un \u00e9xito de ventas del a\u00f1o pasado, este nuevo camale\u00f3n rosa y azul actualizado se distingue de todos los dem\u00e1s camiones en el estante.","breadcrumb":{"@id":"https:\/\/www.skateboarding.com.py\/tienda\/producto\/krome-chameleon-2-standard-trucks-krux\/#breadcrumb"},"inLanguage":"es","potentialAction":[{"@type":"ReadAction","target":["https:\/\/www.skateboarding.com.py\/tienda\/producto\/krome-chameleon-2-standard-trucks-krux\/"]}]},{"@type":"ImageObject","inLanguage":"es","@id":"https:\/\/www.skateboarding.com.py\/tienda\/producto\/krome-chameleon-2-standard-trucks-krux\/#primaryimage","url":"https:\/\/www.skateboarding.com.py\/tienda\/wp-content\/uploads\/2022\/12\/33132469-825-krome-chameleon-2-standard-trucks-krux-1.jpg","contentUrl":"https:\/\/www.skateboarding.com.py\/tienda\/wp-content\/uploads\/2022\/12\/33132469-825-krome-chameleon-2-standard-trucks-krux-1.jpg","width":900,"height":450},{"@type":"BreadcrumbList","@id":"https:\/\/www.skateboarding.com.py\/tienda\/producto\/krome-chameleon-2-standard-trucks-krux\/#breadcrumb","itemListElement":[{"@type":"ListItem","position":1,"name":"Portada","item":"https:\/\/www.skateboarding.com.py\/tienda\/"},{"@type":"ListItem","position":2,"name":"Tienda","item":"https:\/\/www.skateboarding.com.py\/tienda\/"},{"@type":"ListItem","position":3,"name":"Krome Chameleon 2 Standard Trucks Krux"}]},{"@type":"WebSite","@id":"https:\/\/www.skateboarding.com.py\/tienda\/#website","url":"https:\/\/www.skateboarding.com.py\/tienda\/","name":"Tienda Skateboarding Paraguay","description":"Tienda de patinetas establecida en Asunci\u00f3n.","publisher":{"@id":"https:\/\/www.skateboarding.com.py\/tienda\/#organization"},"potentialAction":[{"@type":"SearchAction","target":{"@type":"EntryPoint","urlTemplate":"https:\/\/www.skateboarding.com.py\/tienda\/?s={search_term_string}"},"query-input":{"@type":"PropertyValueSpecification","valueRequired":true,"valueName":"search_term_string"}}],"inLanguage":"es"},{"@type":"Organization","@id":"https:\/\/www.skateboarding.com.py\/tienda\/#organization","name":"Tienda Skateboarding Paraguay","url":"https:\/\/www.skateboarding.com.py\/tienda\/","logo":{"@type":"ImageObject","inLanguage":"es","@id":"https:\/\/www.skateboarding.com.py\/tienda\/#\/schema\/logo\/image\/","url":"https:\/\/www.skateboarding.com.py\/tienda\/wp-content\/uploads\/2020\/05\/logoHorizonta3l.png","contentUrl":"https:\/\/www.skateboarding.com.py\/tienda\/wp-content\/uploads\/2020\/05\/logoHorizonta3l.png","width":500,"height":124,"caption":"Tienda Skateboarding Paraguay"},"image":{"@id":"https:\/\/www.skateboarding.com.py\/tienda\/#\/schema\/logo\/image\/"},"sameAs":["http:\/\/www.facebook.com\/skateboarding.com.py","http:\/\/www.instagram.com\/skateboardingparaguay"]}]}},"_links":{"self":[{"href":"https:\/\/www.skateboarding.com.py\/tienda\/wp-json\/wp\/v2\/product\/815","targetHints":{"allow":["GET"]}}],"collection":[{"href":"https:\/\/www.skateboarding.com.py\/tienda\/wp-json\/wp\/v2\/product"}],"about":[{"href":"https:\/\/www.skateboarding.com.py\/tienda\/wp-json\/wp\/v2\/types\/product"}],"replies":[{"embeddable":true,"href":"https:\/\/www.skateboarding.com.py\/tienda\/wp-json\/wp\/v2\/comments?post=815"}],"wp:featuredmedia":[{"embeddable":true,"href":"https:\/\/www.skateboarding.com.py\/tienda\/wp-json\/wp\/v2\/media\/819"}],"wp:attachment":[{"href":"https:\/\/www.skateboarding.com.py\/tienda\/wp-json\/wp\/v2\/media?parent=815"}],"wp:term":[{"taxonomy":"product_brand","embeddable":true,"href":"https:\/\/www.skateboarding.com.py\/tienda\/wp-json\/wp\/v2\/product_brand?post=815"},{"taxonomy":"product_cat","embeddable":true,"href":"https:\/\/www.skateboarding.com.py\/tienda\/wp-json\/wp\/v2\/product_cat?post=815"},{"taxonomy":"product_tag","embeddable":true,"href":"https:\/\/www.skateboarding.com.py\/tienda\/wp-json\/wp\/v2\/product_tag?post=815"}],"curies":[{"name":"wp","href":"https:\/\/api.w.org\/{rel}","templated":true}]}}