{"id":909,"date":"2022-12-24T15:33:04","date_gmt":"2022-12-24T15:33:04","guid":{"rendered":"https:\/\/www.skateboarding.com.py\/tienda\/?post_type=product&#038;p=909"},"modified":"2022-12-24T15:39:39","modified_gmt":"2022-12-24T15:39:39","slug":"creature-logo-mesh-trucker-high-profile-hat-black-os-unisex-creature","status":"publish","type":"product","link":"https:\/\/www.skateboarding.com.py\/tienda\/producto\/creature-logo-mesh-trucker-high-profile-hat-black-os-unisex-creature\/","title":{"rendered":"Creature Logo Mesh Trucker High Profile Hat Black OS Unisex Creature"},"content":{"rendered":"<p>Da rienda suelta a tu monstruo interior con los \u00faltimos gorros y prendas de Creature Skateboards. La nueva gorra de camionero de malla de 5 paneles de perfil alto con el logotipo de Creature presenta una serigraf\u00eda frontal con el logotipo de Creature, una etiqueta de bucle en el ajustador trasero a presi\u00f3n y una cinta interior personalizada. Cu\u00eddate con nosotros.<\/p>\n","protected":false},"excerpt":{"rendered":"<p>Da rienda suelta a tu monstruo interior con los \u00faltimos gorros y prendas de Creature Skateboards. La nueva gorra de camionero de malla de 5 paneles de perfil alto con el logotipo de Creature presenta una serigraf\u00eda frontal con el logotipo de Creature, una etiqueta de bucle en el ajustador trasero a presi\u00f3n y una [&hellip;]<\/p>\n","protected":false},"featured_media":910,"comment_status":"open","ping_status":"closed","template":"","meta":{"_joinchat":[]},"product_brand":[],"product_cat":[213,74],"product_tag":[214,77],"class_list":{"0":"post-909","1":"product","2":"type-product","3":"status-publish","4":"has-post-thumbnail","6":"product_cat-creature","7":"product_cat-gorras","8":"product_tag-creature","9":"product_tag-gorra","11":"first","12":"instock","13":"taxable","14":"shipping-taxable","15":"purchasable","16":"product-type-simple"},"yoast_head":"<!-- This site is optimized with the Yoast SEO plugin v27.5 - https:\/\/yoast.com\/product\/yoast-seo-wordpress\/ -->\n<title>Creature Logo Mesh Trucker High Profile Hat Black OS Unisex Creature - Tienda Skateboarding Paraguay<\/title>\n<meta name=\"description\" content=\"Da rienda suelta a tu monstruo interior con los \u00faltimos gorros y prendas de Creature Skateboards. La nueva gorra de camionero de malla de 5 paneles de perfil alto con el logotipo de Creature presenta una serigraf\u00eda frontal con el logotipo de Creature, una etiqueta de bucle en el ajustador trasero a presi\u00f3n y una cinta interior personalizada. Cu\u00eddate con nosotros.\" \/>\n<meta name=\"robots\" content=\"index, follow, max-snippet:-1, max-image-preview:large, max-video-preview:-1\" \/>\n<link rel=\"canonical\" href=\"https:\/\/www.skateboarding.com.py\/tienda\/producto\/creature-logo-mesh-trucker-high-profile-hat-black-os-unisex-creature\/\" \/>\n<meta property=\"og:locale\" content=\"es_ES\" \/>\n<meta property=\"og:type\" content=\"article\" \/>\n<meta property=\"og:title\" content=\"Creature Logo Mesh Trucker High Profile Hat Black OS Unisex Creature - Tienda Skateboarding Paraguay\" \/>\n<meta property=\"og:description\" content=\"Da rienda suelta a tu monstruo interior con los \u00faltimos gorros y prendas de Creature Skateboards. La nueva gorra de camionero de malla de 5 paneles de perfil alto con el logotipo de Creature presenta una serigraf\u00eda frontal con el logotipo de Creature, una etiqueta de bucle en el ajustador trasero a presi\u00f3n y una cinta interior personalizada. Cu\u00eddate con nosotros.\" \/>\n<meta property=\"og:url\" content=\"https:\/\/www.skateboarding.com.py\/tienda\/producto\/creature-logo-mesh-trucker-high-profile-hat-black-os-unisex-creature\/\" \/>\n<meta property=\"og:site_name\" content=\"Tienda Skateboarding Paraguay\" \/>\n<meta property=\"article:publisher\" content=\"http:\/\/www.facebook.com\/skateboarding.com.py\" \/>\n<meta property=\"article:modified_time\" content=\"2022-12-24T15:39:39+00:00\" \/>\n<meta property=\"og:image\" content=\"https:\/\/www.skateboarding.com.py\/tienda\/wp-content\/uploads\/2022\/12\/4444874-creature-logo-mesh-trucker-high-profile-hat-black-unisex-creature-1.jpg\" \/>\n\t<meta property=\"og:image:width\" content=\"900\" \/>\n\t<meta property=\"og:image:height\" content=\"900\" \/>\n\t<meta property=\"og:image:type\" content=\"image\/jpeg\" \/>\n<meta name=\"twitter:card\" content=\"summary_large_image\" \/>\n<meta name=\"twitter:label1\" content=\"Tiempo de lectura\" \/>\n\t<meta name=\"twitter:data1\" content=\"1 minuto\" \/>\n<script type=\"application\/ld+json\" class=\"yoast-schema-graph\">{\"@context\":\"https:\\\/\\\/schema.org\",\"@graph\":[{\"@type\":\"WebPage\",\"@id\":\"https:\\\/\\\/www.skateboarding.com.py\\\/tienda\\\/producto\\\/creature-logo-mesh-trucker-high-profile-hat-black-os-unisex-creature\\\/\",\"url\":\"https:\\\/\\\/www.skateboarding.com.py\\\/tienda\\\/producto\\\/creature-logo-mesh-trucker-high-profile-hat-black-os-unisex-creature\\\/\",\"name\":\"Creature Logo Mesh Trucker High Profile Hat Black OS Unisex Creature - Tienda Skateboarding Paraguay\",\"isPartOf\":{\"@id\":\"https:\\\/\\\/www.skateboarding.com.py\\\/tienda\\\/#website\"},\"primaryImageOfPage\":{\"@id\":\"https:\\\/\\\/www.skateboarding.com.py\\\/tienda\\\/producto\\\/creature-logo-mesh-trucker-high-profile-hat-black-os-unisex-creature\\\/#primaryimage\"},\"image\":{\"@id\":\"https:\\\/\\\/www.skateboarding.com.py\\\/tienda\\\/producto\\\/creature-logo-mesh-trucker-high-profile-hat-black-os-unisex-creature\\\/#primaryimage\"},\"thumbnailUrl\":\"https:\\\/\\\/www.skateboarding.com.py\\\/tienda\\\/wp-content\\\/uploads\\\/2022\\\/12\\\/4444874-creature-logo-mesh-trucker-high-profile-hat-black-unisex-creature-1.jpg\",\"datePublished\":\"2022-12-24T15:33:04+00:00\",\"dateModified\":\"2022-12-24T15:39:39+00:00\",\"description\":\"Da rienda suelta a tu monstruo interior con los \u00faltimos gorros y prendas de Creature Skateboards. La nueva gorra de camionero de malla de 5 paneles de perfil alto con el logotipo de Creature presenta una serigraf\u00eda frontal con el logotipo de Creature, una etiqueta de bucle en el ajustador trasero a presi\u00f3n y una cinta interior personalizada. Cu\u00eddate con nosotros.\",\"breadcrumb\":{\"@id\":\"https:\\\/\\\/www.skateboarding.com.py\\\/tienda\\\/producto\\\/creature-logo-mesh-trucker-high-profile-hat-black-os-unisex-creature\\\/#breadcrumb\"},\"inLanguage\":\"es\",\"potentialAction\":[{\"@type\":\"ReadAction\",\"target\":[\"https:\\\/\\\/www.skateboarding.com.py\\\/tienda\\\/producto\\\/creature-logo-mesh-trucker-high-profile-hat-black-os-unisex-creature\\\/\"]}]},{\"@type\":\"ImageObject\",\"inLanguage\":\"es\",\"@id\":\"https:\\\/\\\/www.skateboarding.com.py\\\/tienda\\\/producto\\\/creature-logo-mesh-trucker-high-profile-hat-black-os-unisex-creature\\\/#primaryimage\",\"url\":\"https:\\\/\\\/www.skateboarding.com.py\\\/tienda\\\/wp-content\\\/uploads\\\/2022\\\/12\\\/4444874-creature-logo-mesh-trucker-high-profile-hat-black-unisex-creature-1.jpg\",\"contentUrl\":\"https:\\\/\\\/www.skateboarding.com.py\\\/tienda\\\/wp-content\\\/uploads\\\/2022\\\/12\\\/4444874-creature-logo-mesh-trucker-high-profile-hat-black-unisex-creature-1.jpg\",\"width\":900,\"height\":900},{\"@type\":\"BreadcrumbList\",\"@id\":\"https:\\\/\\\/www.skateboarding.com.py\\\/tienda\\\/producto\\\/creature-logo-mesh-trucker-high-profile-hat-black-os-unisex-creature\\\/#breadcrumb\",\"itemListElement\":[{\"@type\":\"ListItem\",\"position\":1,\"name\":\"Portada\",\"item\":\"https:\\\/\\\/www.skateboarding.com.py\\\/tienda\\\/\"},{\"@type\":\"ListItem\",\"position\":2,\"name\":\"Tienda\",\"item\":\"https:\\\/\\\/www.skateboarding.com.py\\\/tienda\\\/\"},{\"@type\":\"ListItem\",\"position\":3,\"name\":\"Creature Logo Mesh Trucker High Profile Hat Black OS Unisex Creature\"}]},{\"@type\":\"WebSite\",\"@id\":\"https:\\\/\\\/www.skateboarding.com.py\\\/tienda\\\/#website\",\"url\":\"https:\\\/\\\/www.skateboarding.com.py\\\/tienda\\\/\",\"name\":\"Tienda Skateboarding Paraguay\",\"description\":\"Tienda de patinetas establecida en Asunci\u00f3n.\",\"publisher\":{\"@id\":\"https:\\\/\\\/www.skateboarding.com.py\\\/tienda\\\/#organization\"},\"potentialAction\":[{\"@type\":\"SearchAction\",\"target\":{\"@type\":\"EntryPoint\",\"urlTemplate\":\"https:\\\/\\\/www.skateboarding.com.py\\\/tienda\\\/?s={search_term_string}\"},\"query-input\":{\"@type\":\"PropertyValueSpecification\",\"valueRequired\":true,\"valueName\":\"search_term_string\"}}],\"inLanguage\":\"es\"},{\"@type\":\"Organization\",\"@id\":\"https:\\\/\\\/www.skateboarding.com.py\\\/tienda\\\/#organization\",\"name\":\"Tienda Skateboarding Paraguay\",\"url\":\"https:\\\/\\\/www.skateboarding.com.py\\\/tienda\\\/\",\"logo\":{\"@type\":\"ImageObject\",\"inLanguage\":\"es\",\"@id\":\"https:\\\/\\\/www.skateboarding.com.py\\\/tienda\\\/#\\\/schema\\\/logo\\\/image\\\/\",\"url\":\"https:\\\/\\\/www.skateboarding.com.py\\\/tienda\\\/wp-content\\\/uploads\\\/2020\\\/05\\\/logoHorizonta3l.png\",\"contentUrl\":\"https:\\\/\\\/www.skateboarding.com.py\\\/tienda\\\/wp-content\\\/uploads\\\/2020\\\/05\\\/logoHorizonta3l.png\",\"width\":500,\"height\":124,\"caption\":\"Tienda Skateboarding Paraguay\"},\"image\":{\"@id\":\"https:\\\/\\\/www.skateboarding.com.py\\\/tienda\\\/#\\\/schema\\\/logo\\\/image\\\/\"},\"sameAs\":[\"http:\\\/\\\/www.facebook.com\\\/skateboarding.com.py\",\"http:\\\/\\\/www.instagram.com\\\/skateboardingparaguay\"]}]}<\/script>\n<!-- \/ Yoast SEO plugin. -->","yoast_head_json":{"title":"Creature Logo Mesh Trucker High Profile Hat Black OS Unisex Creature - Tienda Skateboarding Paraguay","description":"Da rienda suelta a tu monstruo interior con los \u00faltimos gorros y prendas de Creature Skateboards. La nueva gorra de camionero de malla de 5 paneles de perfil alto con el logotipo de Creature presenta una serigraf\u00eda frontal con el logotipo de Creature, una etiqueta de bucle en el ajustador trasero a presi\u00f3n y una cinta interior personalizada. Cu\u00eddate con nosotros.","robots":{"index":"index","follow":"follow","max-snippet":"max-snippet:-1","max-image-preview":"max-image-preview:large","max-video-preview":"max-video-preview:-1"},"canonical":"https:\/\/www.skateboarding.com.py\/tienda\/producto\/creature-logo-mesh-trucker-high-profile-hat-black-os-unisex-creature\/","og_locale":"es_ES","og_type":"article","og_title":"Creature Logo Mesh Trucker High Profile Hat Black OS Unisex Creature - Tienda Skateboarding Paraguay","og_description":"Da rienda suelta a tu monstruo interior con los \u00faltimos gorros y prendas de Creature Skateboards. La nueva gorra de camionero de malla de 5 paneles de perfil alto con el logotipo de Creature presenta una serigraf\u00eda frontal con el logotipo de Creature, una etiqueta de bucle en el ajustador trasero a presi\u00f3n y una cinta interior personalizada. Cu\u00eddate con nosotros.","og_url":"https:\/\/www.skateboarding.com.py\/tienda\/producto\/creature-logo-mesh-trucker-high-profile-hat-black-os-unisex-creature\/","og_site_name":"Tienda Skateboarding Paraguay","article_publisher":"http:\/\/www.facebook.com\/skateboarding.com.py","article_modified_time":"2022-12-24T15:39:39+00:00","og_image":[{"width":900,"height":900,"url":"https:\/\/www.skateboarding.com.py\/tienda\/wp-content\/uploads\/2022\/12\/4444874-creature-logo-mesh-trucker-high-profile-hat-black-unisex-creature-1.jpg","type":"image\/jpeg"}],"twitter_card":"summary_large_image","twitter_misc":{"Tiempo de lectura":"1 minuto"},"schema":{"@context":"https:\/\/schema.org","@graph":[{"@type":"WebPage","@id":"https:\/\/www.skateboarding.com.py\/tienda\/producto\/creature-logo-mesh-trucker-high-profile-hat-black-os-unisex-creature\/","url":"https:\/\/www.skateboarding.com.py\/tienda\/producto\/creature-logo-mesh-trucker-high-profile-hat-black-os-unisex-creature\/","name":"Creature Logo Mesh Trucker High Profile Hat Black OS Unisex Creature - Tienda Skateboarding Paraguay","isPartOf":{"@id":"https:\/\/www.skateboarding.com.py\/tienda\/#website"},"primaryImageOfPage":{"@id":"https:\/\/www.skateboarding.com.py\/tienda\/producto\/creature-logo-mesh-trucker-high-profile-hat-black-os-unisex-creature\/#primaryimage"},"image":{"@id":"https:\/\/www.skateboarding.com.py\/tienda\/producto\/creature-logo-mesh-trucker-high-profile-hat-black-os-unisex-creature\/#primaryimage"},"thumbnailUrl":"https:\/\/www.skateboarding.com.py\/tienda\/wp-content\/uploads\/2022\/12\/4444874-creature-logo-mesh-trucker-high-profile-hat-black-unisex-creature-1.jpg","datePublished":"2022-12-24T15:33:04+00:00","dateModified":"2022-12-24T15:39:39+00:00","description":"Da rienda suelta a tu monstruo interior con los \u00faltimos gorros y prendas de Creature Skateboards. La nueva gorra de camionero de malla de 5 paneles de perfil alto con el logotipo de Creature presenta una serigraf\u00eda frontal con el logotipo de Creature, una etiqueta de bucle en el ajustador trasero a presi\u00f3n y una cinta interior personalizada. Cu\u00eddate con nosotros.","breadcrumb":{"@id":"https:\/\/www.skateboarding.com.py\/tienda\/producto\/creature-logo-mesh-trucker-high-profile-hat-black-os-unisex-creature\/#breadcrumb"},"inLanguage":"es","potentialAction":[{"@type":"ReadAction","target":["https:\/\/www.skateboarding.com.py\/tienda\/producto\/creature-logo-mesh-trucker-high-profile-hat-black-os-unisex-creature\/"]}]},{"@type":"ImageObject","inLanguage":"es","@id":"https:\/\/www.skateboarding.com.py\/tienda\/producto\/creature-logo-mesh-trucker-high-profile-hat-black-os-unisex-creature\/#primaryimage","url":"https:\/\/www.skateboarding.com.py\/tienda\/wp-content\/uploads\/2022\/12\/4444874-creature-logo-mesh-trucker-high-profile-hat-black-unisex-creature-1.jpg","contentUrl":"https:\/\/www.skateboarding.com.py\/tienda\/wp-content\/uploads\/2022\/12\/4444874-creature-logo-mesh-trucker-high-profile-hat-black-unisex-creature-1.jpg","width":900,"height":900},{"@type":"BreadcrumbList","@id":"https:\/\/www.skateboarding.com.py\/tienda\/producto\/creature-logo-mesh-trucker-high-profile-hat-black-os-unisex-creature\/#breadcrumb","itemListElement":[{"@type":"ListItem","position":1,"name":"Portada","item":"https:\/\/www.skateboarding.com.py\/tienda\/"},{"@type":"ListItem","position":2,"name":"Tienda","item":"https:\/\/www.skateboarding.com.py\/tienda\/"},{"@type":"ListItem","position":3,"name":"Creature Logo Mesh Trucker High Profile Hat Black OS Unisex Creature"}]},{"@type":"WebSite","@id":"https:\/\/www.skateboarding.com.py\/tienda\/#website","url":"https:\/\/www.skateboarding.com.py\/tienda\/","name":"Tienda Skateboarding Paraguay","description":"Tienda de patinetas establecida en Asunci\u00f3n.","publisher":{"@id":"https:\/\/www.skateboarding.com.py\/tienda\/#organization"},"potentialAction":[{"@type":"SearchAction","target":{"@type":"EntryPoint","urlTemplate":"https:\/\/www.skateboarding.com.py\/tienda\/?s={search_term_string}"},"query-input":{"@type":"PropertyValueSpecification","valueRequired":true,"valueName":"search_term_string"}}],"inLanguage":"es"},{"@type":"Organization","@id":"https:\/\/www.skateboarding.com.py\/tienda\/#organization","name":"Tienda Skateboarding Paraguay","url":"https:\/\/www.skateboarding.com.py\/tienda\/","logo":{"@type":"ImageObject","inLanguage":"es","@id":"https:\/\/www.skateboarding.com.py\/tienda\/#\/schema\/logo\/image\/","url":"https:\/\/www.skateboarding.com.py\/tienda\/wp-content\/uploads\/2020\/05\/logoHorizonta3l.png","contentUrl":"https:\/\/www.skateboarding.com.py\/tienda\/wp-content\/uploads\/2020\/05\/logoHorizonta3l.png","width":500,"height":124,"caption":"Tienda Skateboarding Paraguay"},"image":{"@id":"https:\/\/www.skateboarding.com.py\/tienda\/#\/schema\/logo\/image\/"},"sameAs":["http:\/\/www.facebook.com\/skateboarding.com.py","http:\/\/www.instagram.com\/skateboardingparaguay"]}]}},"_links":{"self":[{"href":"https:\/\/www.skateboarding.com.py\/tienda\/wp-json\/wp\/v2\/product\/909","targetHints":{"allow":["GET"]}}],"collection":[{"href":"https:\/\/www.skateboarding.com.py\/tienda\/wp-json\/wp\/v2\/product"}],"about":[{"href":"https:\/\/www.skateboarding.com.py\/tienda\/wp-json\/wp\/v2\/types\/product"}],"replies":[{"embeddable":true,"href":"https:\/\/www.skateboarding.com.py\/tienda\/wp-json\/wp\/v2\/comments?post=909"}],"wp:featuredmedia":[{"embeddable":true,"href":"https:\/\/www.skateboarding.com.py\/tienda\/wp-json\/wp\/v2\/media\/910"}],"wp:attachment":[{"href":"https:\/\/www.skateboarding.com.py\/tienda\/wp-json\/wp\/v2\/media?parent=909"}],"wp:term":[{"taxonomy":"product_brand","embeddable":true,"href":"https:\/\/www.skateboarding.com.py\/tienda\/wp-json\/wp\/v2\/product_brand?post=909"},{"taxonomy":"product_cat","embeddable":true,"href":"https:\/\/www.skateboarding.com.py\/tienda\/wp-json\/wp\/v2\/product_cat?post=909"},{"taxonomy":"product_tag","embeddable":true,"href":"https:\/\/www.skateboarding.com.py\/tienda\/wp-json\/wp\/v2\/product_tag?post=909"}],"curies":[{"name":"wp","href":"https:\/\/api.w.org\/{rel}","templated":true}]}}