{"id":930,"date":"2022-12-27T13:55:40","date_gmt":"2022-12-27T13:55:40","guid":{"rendered":"https:\/\/www.skateboarding.com.py\/tienda\/?post_type=product&#038;p=930"},"modified":"2024-08-12T14:56:06","modified_gmt":"2024-08-12T14:56:06","slug":"genuine-parts-phillips-hardware-1-in-black-red","status":"publish","type":"product","link":"https:\/\/www.skateboarding.com.py\/tienda\/producto\/genuine-parts-phillips-hardware-1-in-black-red\/","title":{"rendered":"Genuine Parts Phillips Hardware 1 in Black\/Red"},"content":{"rendered":"<p>Largo de tornillos: 1 pulgada.<\/p>\n<p>Repuestos originales Los pernos de precisi\u00f3n se especifican con los m\u00e1s altos est\u00e1ndares con cabezas de placa de diamante de tama\u00f1o completo y ejes extendidos sin rosca para da\u00f1os m\u00ednimos en la placa y contratuercas de nailon. Garantizado para no romperse. Cada juego contiene 6 pernos y tuercas negros y 2 colores, calcoman\u00eda y empaque reciclable.<\/p>\n","protected":false},"excerpt":{"rendered":"<p>Largo de tornillos: 1 pulgada. Repuestos originales Los pernos de precisi\u00f3n se especifican con los m\u00e1s altos est\u00e1ndares con cabezas de placa de diamante de tama\u00f1o completo y ejes extendidos sin rosca para da\u00f1os m\u00ednimos en la placa y contratuercas de nailon. Garantizado para no romperse. Cada juego contiene 6 pernos y tuercas negros y [&hellip;]<\/p>\n","protected":false},"featured_media":933,"comment_status":"open","ping_status":"closed","template":"","meta":{"_joinchat":[]},"product_brand":[],"product_cat":[17,224],"product_tag":[18,25],"class_list":{"0":"post-930","1":"product","2":"type-product","3":"status-publish","4":"has-post-thumbnail","6":"product_cat-independent","7":"product_cat-tornillos","8":"product_tag-independent","9":"product_tag-tornillos","11":"first","12":"instock","13":"taxable","14":"shipping-taxable","15":"purchasable","16":"product-type-simple"},"yoast_head":"<!-- This site is optimized with the Yoast SEO plugin v27.5 - https:\/\/yoast.com\/product\/yoast-seo-wordpress\/ -->\n<title>Genuine Parts Phillips Hardware 1 in Black\/Red - Tienda Skateboarding Paraguay<\/title>\n<meta name=\"description\" content=\"Repuestos originales Los pernos de precisi\u00f3n se especifican con los m\u00e1s altos est\u00e1ndares con cabezas de placa de diamante de tama\u00f1o completo y ejes extendidos sin rosca para da\u00f1os m\u00ednimos en la placa y contratuercas de nailon. Garantizado para no romperse. Cada juego contiene 6 pernos y tuercas negros y 2 colores, calcoman\u00eda y empaque reciclable.\" \/>\n<meta name=\"robots\" content=\"index, follow, max-snippet:-1, max-image-preview:large, max-video-preview:-1\" \/>\n<link rel=\"canonical\" href=\"https:\/\/www.skateboarding.com.py\/tienda\/producto\/genuine-parts-phillips-hardware-1-in-black-red\/\" \/>\n<meta property=\"og:locale\" content=\"es_ES\" \/>\n<meta property=\"og:type\" content=\"article\" \/>\n<meta property=\"og:title\" content=\"Genuine Parts Phillips Hardware 1 in Black\/Red - Tienda Skateboarding Paraguay\" \/>\n<meta property=\"og:description\" content=\"Repuestos originales Los pernos de precisi\u00f3n se especifican con los m\u00e1s altos est\u00e1ndares con cabezas de placa de diamante de tama\u00f1o completo y ejes extendidos sin rosca para da\u00f1os m\u00ednimos en la placa y contratuercas de nailon. Garantizado para no romperse. Cada juego contiene 6 pernos y tuercas negros y 2 colores, calcoman\u00eda y empaque reciclable.\" \/>\n<meta property=\"og:url\" content=\"https:\/\/www.skateboarding.com.py\/tienda\/producto\/genuine-parts-phillips-hardware-1-in-black-red\/\" \/>\n<meta property=\"og:site_name\" content=\"Tienda Skateboarding Paraguay\" \/>\n<meta property=\"article:publisher\" content=\"http:\/\/www.facebook.com\/skateboarding.com.py\" \/>\n<meta property=\"article:modified_time\" content=\"2024-08-12T14:56:06+00:00\" \/>\n<meta property=\"og:image\" content=\"https:\/\/www.skateboarding.com.py\/tienda\/wp-content\/uploads\/2022\/12\/33531245-genuine-parts-phillips-hardware-1-in-blackred-bx12-pks8-independent-4.jpg\" \/>\n\t<meta property=\"og:image:width\" content=\"1800\" \/>\n\t<meta property=\"og:image:height\" content=\"1800\" \/>\n\t<meta property=\"og:image:type\" content=\"image\/jpeg\" \/>\n<meta name=\"twitter:card\" content=\"summary_large_image\" \/>\n<meta name=\"twitter:label1\" content=\"Tiempo de lectura\" \/>\n\t<meta name=\"twitter:data1\" content=\"1 minuto\" \/>\n<script type=\"application\/ld+json\" class=\"yoast-schema-graph\">{\"@context\":\"https:\\\/\\\/schema.org\",\"@graph\":[{\"@type\":\"WebPage\",\"@id\":\"https:\\\/\\\/www.skateboarding.com.py\\\/tienda\\\/producto\\\/genuine-parts-phillips-hardware-1-in-black-red\\\/\",\"url\":\"https:\\\/\\\/www.skateboarding.com.py\\\/tienda\\\/producto\\\/genuine-parts-phillips-hardware-1-in-black-red\\\/\",\"name\":\"Genuine Parts Phillips Hardware 1 in Black\\\/Red - Tienda Skateboarding Paraguay\",\"isPartOf\":{\"@id\":\"https:\\\/\\\/www.skateboarding.com.py\\\/tienda\\\/#website\"},\"primaryImageOfPage\":{\"@id\":\"https:\\\/\\\/www.skateboarding.com.py\\\/tienda\\\/producto\\\/genuine-parts-phillips-hardware-1-in-black-red\\\/#primaryimage\"},\"image\":{\"@id\":\"https:\\\/\\\/www.skateboarding.com.py\\\/tienda\\\/producto\\\/genuine-parts-phillips-hardware-1-in-black-red\\\/#primaryimage\"},\"thumbnailUrl\":\"https:\\\/\\\/www.skateboarding.com.py\\\/tienda\\\/wp-content\\\/uploads\\\/2022\\\/12\\\/33531245-genuine-parts-phillips-hardware-1-in-blackred-bx12-pks8-independent-4.jpg\",\"datePublished\":\"2022-12-27T13:55:40+00:00\",\"dateModified\":\"2024-08-12T14:56:06+00:00\",\"description\":\"Repuestos originales Los pernos de precisi\u00f3n se especifican con los m\u00e1s altos est\u00e1ndares con cabezas de placa de diamante de tama\u00f1o completo y ejes extendidos sin rosca para da\u00f1os m\u00ednimos en la placa y contratuercas de nailon. Garantizado para no romperse. Cada juego contiene 6 pernos y tuercas negros y 2 colores, calcoman\u00eda y empaque reciclable.\",\"breadcrumb\":{\"@id\":\"https:\\\/\\\/www.skateboarding.com.py\\\/tienda\\\/producto\\\/genuine-parts-phillips-hardware-1-in-black-red\\\/#breadcrumb\"},\"inLanguage\":\"es\",\"potentialAction\":[{\"@type\":\"ReadAction\",\"target\":[\"https:\\\/\\\/www.skateboarding.com.py\\\/tienda\\\/producto\\\/genuine-parts-phillips-hardware-1-in-black-red\\\/\"]}]},{\"@type\":\"ImageObject\",\"inLanguage\":\"es\",\"@id\":\"https:\\\/\\\/www.skateboarding.com.py\\\/tienda\\\/producto\\\/genuine-parts-phillips-hardware-1-in-black-red\\\/#primaryimage\",\"url\":\"https:\\\/\\\/www.skateboarding.com.py\\\/tienda\\\/wp-content\\\/uploads\\\/2022\\\/12\\\/33531245-genuine-parts-phillips-hardware-1-in-blackred-bx12-pks8-independent-4.jpg\",\"contentUrl\":\"https:\\\/\\\/www.skateboarding.com.py\\\/tienda\\\/wp-content\\\/uploads\\\/2022\\\/12\\\/33531245-genuine-parts-phillips-hardware-1-in-blackred-bx12-pks8-independent-4.jpg\",\"width\":1800,\"height\":1800},{\"@type\":\"BreadcrumbList\",\"@id\":\"https:\\\/\\\/www.skateboarding.com.py\\\/tienda\\\/producto\\\/genuine-parts-phillips-hardware-1-in-black-red\\\/#breadcrumb\",\"itemListElement\":[{\"@type\":\"ListItem\",\"position\":1,\"name\":\"Portada\",\"item\":\"https:\\\/\\\/www.skateboarding.com.py\\\/tienda\\\/\"},{\"@type\":\"ListItem\",\"position\":2,\"name\":\"Tienda\",\"item\":\"https:\\\/\\\/www.skateboarding.com.py\\\/tienda\\\/\"},{\"@type\":\"ListItem\",\"position\":3,\"name\":\"Genuine Parts Phillips Hardware 1 in Black\\\/Red\"}]},{\"@type\":\"WebSite\",\"@id\":\"https:\\\/\\\/www.skateboarding.com.py\\\/tienda\\\/#website\",\"url\":\"https:\\\/\\\/www.skateboarding.com.py\\\/tienda\\\/\",\"name\":\"Tienda Skateboarding Paraguay\",\"description\":\"Tienda de patinetas establecida en Asunci\u00f3n.\",\"publisher\":{\"@id\":\"https:\\\/\\\/www.skateboarding.com.py\\\/tienda\\\/#organization\"},\"potentialAction\":[{\"@type\":\"SearchAction\",\"target\":{\"@type\":\"EntryPoint\",\"urlTemplate\":\"https:\\\/\\\/www.skateboarding.com.py\\\/tienda\\\/?s={search_term_string}\"},\"query-input\":{\"@type\":\"PropertyValueSpecification\",\"valueRequired\":true,\"valueName\":\"search_term_string\"}}],\"inLanguage\":\"es\"},{\"@type\":\"Organization\",\"@id\":\"https:\\\/\\\/www.skateboarding.com.py\\\/tienda\\\/#organization\",\"name\":\"Tienda Skateboarding Paraguay\",\"url\":\"https:\\\/\\\/www.skateboarding.com.py\\\/tienda\\\/\",\"logo\":{\"@type\":\"ImageObject\",\"inLanguage\":\"es\",\"@id\":\"https:\\\/\\\/www.skateboarding.com.py\\\/tienda\\\/#\\\/schema\\\/logo\\\/image\\\/\",\"url\":\"https:\\\/\\\/www.skateboarding.com.py\\\/tienda\\\/wp-content\\\/uploads\\\/2020\\\/05\\\/logoHorizonta3l.png\",\"contentUrl\":\"https:\\\/\\\/www.skateboarding.com.py\\\/tienda\\\/wp-content\\\/uploads\\\/2020\\\/05\\\/logoHorizonta3l.png\",\"width\":500,\"height\":124,\"caption\":\"Tienda Skateboarding Paraguay\"},\"image\":{\"@id\":\"https:\\\/\\\/www.skateboarding.com.py\\\/tienda\\\/#\\\/schema\\\/logo\\\/image\\\/\"},\"sameAs\":[\"http:\\\/\\\/www.facebook.com\\\/skateboarding.com.py\",\"http:\\\/\\\/www.instagram.com\\\/skateboardingparaguay\"]}]}<\/script>\n<!-- \/ Yoast SEO plugin. -->","yoast_head_json":{"title":"Genuine Parts Phillips Hardware 1 in Black\/Red - Tienda Skateboarding Paraguay","description":"Repuestos originales Los pernos de precisi\u00f3n se especifican con los m\u00e1s altos est\u00e1ndares con cabezas de placa de diamante de tama\u00f1o completo y ejes extendidos sin rosca para da\u00f1os m\u00ednimos en la placa y contratuercas de nailon. Garantizado para no romperse. Cada juego contiene 6 pernos y tuercas negros y 2 colores, calcoman\u00eda y empaque reciclable.","robots":{"index":"index","follow":"follow","max-snippet":"max-snippet:-1","max-image-preview":"max-image-preview:large","max-video-preview":"max-video-preview:-1"},"canonical":"https:\/\/www.skateboarding.com.py\/tienda\/producto\/genuine-parts-phillips-hardware-1-in-black-red\/","og_locale":"es_ES","og_type":"article","og_title":"Genuine Parts Phillips Hardware 1 in Black\/Red - Tienda Skateboarding Paraguay","og_description":"Repuestos originales Los pernos de precisi\u00f3n se especifican con los m\u00e1s altos est\u00e1ndares con cabezas de placa de diamante de tama\u00f1o completo y ejes extendidos sin rosca para da\u00f1os m\u00ednimos en la placa y contratuercas de nailon. Garantizado para no romperse. Cada juego contiene 6 pernos y tuercas negros y 2 colores, calcoman\u00eda y empaque reciclable.","og_url":"https:\/\/www.skateboarding.com.py\/tienda\/producto\/genuine-parts-phillips-hardware-1-in-black-red\/","og_site_name":"Tienda Skateboarding Paraguay","article_publisher":"http:\/\/www.facebook.com\/skateboarding.com.py","article_modified_time":"2024-08-12T14:56:06+00:00","og_image":[{"width":1800,"height":1800,"url":"https:\/\/www.skateboarding.com.py\/tienda\/wp-content\/uploads\/2022\/12\/33531245-genuine-parts-phillips-hardware-1-in-blackred-bx12-pks8-independent-4.jpg","type":"image\/jpeg"}],"twitter_card":"summary_large_image","twitter_misc":{"Tiempo de lectura":"1 minuto"},"schema":{"@context":"https:\/\/schema.org","@graph":[{"@type":"WebPage","@id":"https:\/\/www.skateboarding.com.py\/tienda\/producto\/genuine-parts-phillips-hardware-1-in-black-red\/","url":"https:\/\/www.skateboarding.com.py\/tienda\/producto\/genuine-parts-phillips-hardware-1-in-black-red\/","name":"Genuine Parts Phillips Hardware 1 in Black\/Red - Tienda Skateboarding Paraguay","isPartOf":{"@id":"https:\/\/www.skateboarding.com.py\/tienda\/#website"},"primaryImageOfPage":{"@id":"https:\/\/www.skateboarding.com.py\/tienda\/producto\/genuine-parts-phillips-hardware-1-in-black-red\/#primaryimage"},"image":{"@id":"https:\/\/www.skateboarding.com.py\/tienda\/producto\/genuine-parts-phillips-hardware-1-in-black-red\/#primaryimage"},"thumbnailUrl":"https:\/\/www.skateboarding.com.py\/tienda\/wp-content\/uploads\/2022\/12\/33531245-genuine-parts-phillips-hardware-1-in-blackred-bx12-pks8-independent-4.jpg","datePublished":"2022-12-27T13:55:40+00:00","dateModified":"2024-08-12T14:56:06+00:00","description":"Repuestos originales Los pernos de precisi\u00f3n se especifican con los m\u00e1s altos est\u00e1ndares con cabezas de placa de diamante de tama\u00f1o completo y ejes extendidos sin rosca para da\u00f1os m\u00ednimos en la placa y contratuercas de nailon. Garantizado para no romperse. Cada juego contiene 6 pernos y tuercas negros y 2 colores, calcoman\u00eda y empaque reciclable.","breadcrumb":{"@id":"https:\/\/www.skateboarding.com.py\/tienda\/producto\/genuine-parts-phillips-hardware-1-in-black-red\/#breadcrumb"},"inLanguage":"es","potentialAction":[{"@type":"ReadAction","target":["https:\/\/www.skateboarding.com.py\/tienda\/producto\/genuine-parts-phillips-hardware-1-in-black-red\/"]}]},{"@type":"ImageObject","inLanguage":"es","@id":"https:\/\/www.skateboarding.com.py\/tienda\/producto\/genuine-parts-phillips-hardware-1-in-black-red\/#primaryimage","url":"https:\/\/www.skateboarding.com.py\/tienda\/wp-content\/uploads\/2022\/12\/33531245-genuine-parts-phillips-hardware-1-in-blackred-bx12-pks8-independent-4.jpg","contentUrl":"https:\/\/www.skateboarding.com.py\/tienda\/wp-content\/uploads\/2022\/12\/33531245-genuine-parts-phillips-hardware-1-in-blackred-bx12-pks8-independent-4.jpg","width":1800,"height":1800},{"@type":"BreadcrumbList","@id":"https:\/\/www.skateboarding.com.py\/tienda\/producto\/genuine-parts-phillips-hardware-1-in-black-red\/#breadcrumb","itemListElement":[{"@type":"ListItem","position":1,"name":"Portada","item":"https:\/\/www.skateboarding.com.py\/tienda\/"},{"@type":"ListItem","position":2,"name":"Tienda","item":"https:\/\/www.skateboarding.com.py\/tienda\/"},{"@type":"ListItem","position":3,"name":"Genuine Parts Phillips Hardware 1 in Black\/Red"}]},{"@type":"WebSite","@id":"https:\/\/www.skateboarding.com.py\/tienda\/#website","url":"https:\/\/www.skateboarding.com.py\/tienda\/","name":"Tienda Skateboarding Paraguay","description":"Tienda de patinetas establecida en Asunci\u00f3n.","publisher":{"@id":"https:\/\/www.skateboarding.com.py\/tienda\/#organization"},"potentialAction":[{"@type":"SearchAction","target":{"@type":"EntryPoint","urlTemplate":"https:\/\/www.skateboarding.com.py\/tienda\/?s={search_term_string}"},"query-input":{"@type":"PropertyValueSpecification","valueRequired":true,"valueName":"search_term_string"}}],"inLanguage":"es"},{"@type":"Organization","@id":"https:\/\/www.skateboarding.com.py\/tienda\/#organization","name":"Tienda Skateboarding Paraguay","url":"https:\/\/www.skateboarding.com.py\/tienda\/","logo":{"@type":"ImageObject","inLanguage":"es","@id":"https:\/\/www.skateboarding.com.py\/tienda\/#\/schema\/logo\/image\/","url":"https:\/\/www.skateboarding.com.py\/tienda\/wp-content\/uploads\/2020\/05\/logoHorizonta3l.png","contentUrl":"https:\/\/www.skateboarding.com.py\/tienda\/wp-content\/uploads\/2020\/05\/logoHorizonta3l.png","width":500,"height":124,"caption":"Tienda Skateboarding Paraguay"},"image":{"@id":"https:\/\/www.skateboarding.com.py\/tienda\/#\/schema\/logo\/image\/"},"sameAs":["http:\/\/www.facebook.com\/skateboarding.com.py","http:\/\/www.instagram.com\/skateboardingparaguay"]}]}},"_links":{"self":[{"href":"https:\/\/www.skateboarding.com.py\/tienda\/wp-json\/wp\/v2\/product\/930","targetHints":{"allow":["GET"]}}],"collection":[{"href":"https:\/\/www.skateboarding.com.py\/tienda\/wp-json\/wp\/v2\/product"}],"about":[{"href":"https:\/\/www.skateboarding.com.py\/tienda\/wp-json\/wp\/v2\/types\/product"}],"replies":[{"embeddable":true,"href":"https:\/\/www.skateboarding.com.py\/tienda\/wp-json\/wp\/v2\/comments?post=930"}],"wp:featuredmedia":[{"embeddable":true,"href":"https:\/\/www.skateboarding.com.py\/tienda\/wp-json\/wp\/v2\/media\/933"}],"wp:attachment":[{"href":"https:\/\/www.skateboarding.com.py\/tienda\/wp-json\/wp\/v2\/media?parent=930"}],"wp:term":[{"taxonomy":"product_brand","embeddable":true,"href":"https:\/\/www.skateboarding.com.py\/tienda\/wp-json\/wp\/v2\/product_brand?post=930"},{"taxonomy":"product_cat","embeddable":true,"href":"https:\/\/www.skateboarding.com.py\/tienda\/wp-json\/wp\/v2\/product_cat?post=930"},{"taxonomy":"product_tag","embeddable":true,"href":"https:\/\/www.skateboarding.com.py\/tienda\/wp-json\/wp\/v2\/product_tag?post=930"}],"curies":[{"name":"wp","href":"https:\/\/api.w.org\/{rel}","templated":true}]}}